{"id":267,"date":"2023-01-05T08:07:35","date_gmt":"2023-01-05T08:07:35","guid":{"rendered":"https:\/\/www.proterminduksiyon.com\/tr\/?page_id=267"},"modified":"2023-01-05T08:07:35","modified_gmt":"2023-01-05T08:07:35","slug":"bakim-onarim","status":"publish","type":"page","link":"https:\/\/www.proterminduksiyon.com\/tr\/bakim-onarim\/","title":{"rendered":"BAKIM ONARIM"},"content":{"rendered":"\n<p>F\u0130RMAMIZ BAKIM ONARIM KONUSUNDA DENEY\u0130ML\u0130 UZMAN KADROSU \u0130LE BAKIMI GEREKEN KONVERT\u00d6R,POTA, VE&nbsp; \u0130ND\u00dcKS\u0130YON ERG\u0130TME VE ISITMA S\u0130STEMLER\u0130N\u0130ZE EN KISA S\u00dcREDE BAKIM YAPAR VE ESK\u0130M\u0130\u015e MAK\u0130NANIZIN \u00d6MR\u00dcN\u00dc OLAB\u0130LD\u0130\u011e\u0130NCE UZATIR.<\/p>\n","protected":false},"excerpt":{"rendered":"<p>F\u0130RMAMIZ BAKIM ONARIM KONUSUNDA DENEY\u0130ML\u0130 UZMAN KADROSU \u0130LE BAKIMI GEREKEN KONVERT\u00d6R,POTA, VE&nbsp; \u0130ND\u00dcKS\u0130YON ERG\u0130TME VE ISITMA S\u0130STEMLER\u0130N\u0130ZE EN KISA S\u00dcREDE BAKIM YAPAR VE ESK\u0130M\u0130\u015e MAK\u0130NANIZIN \u00d6MR\u00dcN\u00dc OLAB\u0130LD\u0130\u011e\u0130NCE UZATIR.<\/p>\n","protected":false},"author":1,"featured_media":0,"parent":0,"menu_order":0,"comment_status":"closed","ping_status":"closed","template":"templates\/template-page-full-width.php","meta":{"_uag_custom_page_level_css":"","footnotes":""},"class_list":["post-267","page","type-page","status-publish","hentry"],"uagb_featured_image_src":{"full":false,"thumbnail":false,"medium":false,"medium_large":false,"large":false,"1536x1536":false,"2048x2048":false},"uagb_author_info":{"display_name":"admin","author_link":"https:\/\/www.proterminduksiyon.com\/tr\/author\/admin\/"},"uagb_comment_info":0,"uagb_excerpt":"F\u0130RMAMIZ BAKIM ONARIM KONUSUNDA DENEY\u0130ML\u0130 UZMAN KADROSU \u0130LE BAKIMI GEREKEN KONVERT\u00d6R,POTA, VE&nbsp; \u0130ND\u00dcKS\u0130YON ERG\u0130TME VE ISITMA S\u0130STEMLER\u0130N\u0130ZE EN KISA S\u00dcREDE BAKIM YAPAR VE ESK\u0130M\u0130\u015e MAK\u0130NANIZIN \u00d6MR\u00dcN\u00dc OLAB\u0130LD\u0130\u011e\u0130NCE UZATIR.","_links":{"self":[{"href":"https:\/\/www.proterminduksiyon.com\/tr\/wp-json\/wp\/v2\/pages\/267","targetHints":{"allow":["GET"]}}],"collection":[{"href":"https:\/\/www.proterminduksiyon.com\/tr\/wp-json\/wp\/v2\/pages"}],"about":[{"href":"https:\/\/www.proterminduksiyon.com\/tr\/wp-json\/wp\/v2\/types\/page"}],"author":[{"embeddable":true,"href":"https:\/\/www.proterminduksiyon.com\/tr\/wp-json\/wp\/v2\/users\/1"}],"replies":[{"embeddable":true,"href":"https:\/\/www.proterminduksiyon.com\/tr\/wp-json\/wp\/v2\/comments?post=267"}],"version-history":[{"count":1,"href":"https:\/\/www.proterminduksiyon.com\/tr\/wp-json\/wp\/v2\/pages\/267\/revisions"}],"predecessor-version":[{"id":270,"href":"https:\/\/www.proterminduksiyon.com\/tr\/wp-json\/wp\/v2\/pages\/267\/revisions\/270"}],"wp:attachment":[{"href":"https:\/\/www.proterminduksiyon.com\/tr\/wp-json\/wp\/v2\/media?parent=267"}],"curies":[{"name":"wp","href":"https:\/\/api.w.org\/{rel}","templated":true}]}}