{"id":51,"date":"2021-11-22T19:11:06","date_gmt":"2021-11-22T19:11:06","guid":{"rendered":"https:\/\/www.proterminduksiyon.com\/tr\/?page_id=51"},"modified":"2021-11-23T08:07:46","modified_gmt":"2021-11-23T08:07:46","slug":"referansarimiz","status":"publish","type":"page","link":"https:\/\/www.proterminduksiyon.com\/tr\/referansarimiz\/","title":{"rendered":"Kurumsal"},"content":{"rendered":"\n<p>PROTERM \u0130ND\u00dcKS\u0130YON ELEKTROMEKAN\u0130K SAN.ve T\u0130C.LTD.\u015eT\u0130, ind\u00fcksiyon sekt\u00f6r\u00fcnde 20 y\u0131ll\u0131k Tecr\u00fcbeli Uzman Kadrosu ile siz de\u011ferli m\u00fc\u015fterilere hizmet sunmaktad\u0131r.<\/p>\n\n\n\n<p>PROTERM Ailesi; ind\u00fcksiyon alan\u0131nda her t\u00fcrl\u00fc sorunlar\u0131n giderilmesi ve sistemlerin geli\u015ftirilmesi i\u00e7in Elektronik, Mekanik ve Yedek Par\u00e7a&nbsp;baz\u0131nda hizmet vermektedir.<\/p>\n\n\n\n<p>Proterm \u0130nd\u00fcksiyon Ailesi olarak \u00f6ncelikli hedef; G\u00dcVEN, KAL\u0130TE ve M\u00dc\u015eTER\u0130 MEMNUN\u0130YET\u0130D\u0130R.<\/p>\n\n\n\n<p>Sunulan hizmetler ile firman\u0131z\u0131 daha ileriye ta\u015f\u0131mak i\u00e7in H\u0131zl\u0131 ve Ekonomik \u00c7\u00f6z\u00fcmler&nbsp;\u00fczerinde odaklanarak taleplere k\u0131sa s\u00fcrede ula\u015fmak temel hedeftir.<\/p>\n","protected":false},"excerpt":{"rendered":"<p>PROTERM \u0130ND\u00dcKS\u0130YON ELEKTROMEKAN\u0130K SAN.ve T\u0130C.LTD.\u015eT\u0130, ind\u00fcksiyon sekt\u00f6r\u00fcnde 20 y\u0131ll\u0131k Tecr\u00fcbeli Uzman Kadrosu ile siz de\u011ferli m\u00fc\u015fterilere hizmet sunmaktad\u0131r. PROTERM Ailesi; ind\u00fcksiyon alan\u0131nda her t\u00fcrl\u00fc sorunlar\u0131n giderilmesi ve sistemlerin geli\u015ftirilmesi i\u00e7in Elektronik, Mekanik ve Yedek Par\u00e7a&nbsp;baz\u0131nda hizmet vermektedir. Proterm \u0130nd\u00fcksiyon Ailesi olarak \u00f6ncelikli hedef; G\u00dcVEN, KAL\u0130TE ve M\u00dc\u015eTER\u0130 MEMNUN\u0130YET\u0130D\u0130R. Sunulan hizmetler ile firman\u0131z\u0131 daha ileriye ta\u015f\u0131mak [&hellip;]<\/p>\n","protected":false},"author":1,"featured_media":0,"parent":0,"menu_order":0,"comment_status":"closed","ping_status":"closed","template":"templates\/template-page-full-width.php","meta":{"_uag_custom_page_level_css":"","footnotes":""},"class_list":["post-51","page","type-page","status-publish","hentry"],"uagb_featured_image_src":{"full":false,"thumbnail":false,"medium":false,"medium_large":false,"large":false,"1536x1536":false,"2048x2048":false},"uagb_author_info":{"display_name":"admin","author_link":"https:\/\/www.proterminduksiyon.com\/tr\/author\/admin\/"},"uagb_comment_info":0,"uagb_excerpt":"PROTERM \u0130ND\u00dcKS\u0130YON ELEKTROMEKAN\u0130K SAN.ve T\u0130C.LTD.\u015eT\u0130, ind\u00fcksiyon sekt\u00f6r\u00fcnde 20 y\u0131ll\u0131k Tecr\u00fcbeli Uzman Kadrosu ile siz de\u011ferli m\u00fc\u015fterilere hizmet sunmaktad\u0131r. PROTERM Ailesi; ind\u00fcksiyon alan\u0131nda her t\u00fcrl\u00fc sorunlar\u0131n giderilmesi ve sistemlerin geli\u015ftirilmesi i\u00e7in Elektronik, Mekanik ve Yedek Par\u00e7a&nbsp;baz\u0131nda hizmet vermektedir. Proterm \u0130nd\u00fcksiyon Ailesi olarak \u00f6ncelikli hedef; G\u00dcVEN, KAL\u0130TE ve M\u00dc\u015eTER\u0130 MEMNUN\u0130YET\u0130D\u0130R. Sunulan hizmetler ile firman\u0131z\u0131 daha ileriye ta\u015f\u0131mak&hellip;","_links":{"self":[{"href":"https:\/\/www.proterminduksiyon.com\/tr\/wp-json\/wp\/v2\/pages\/51","targetHints":{"allow":["GET"]}}],"collection":[{"href":"https:\/\/www.proterminduksiyon.com\/tr\/wp-json\/wp\/v2\/pages"}],"about":[{"href":"https:\/\/www.proterminduksiyon.com\/tr\/wp-json\/wp\/v2\/types\/page"}],"author":[{"embeddable":true,"href":"https:\/\/www.proterminduksiyon.com\/tr\/wp-json\/wp\/v2\/users\/1"}],"replies":[{"embeddable":true,"href":"https:\/\/www.proterminduksiyon.com\/tr\/wp-json\/wp\/v2\/comments?post=51"}],"version-history":[{"count":2,"href":"https:\/\/www.proterminduksiyon.com\/tr\/wp-json\/wp\/v2\/pages\/51\/revisions"}],"predecessor-version":[{"id":88,"href":"https:\/\/www.proterminduksiyon.com\/tr\/wp-json\/wp\/v2\/pages\/51\/revisions\/88"}],"wp:attachment":[{"href":"https:\/\/www.proterminduksiyon.com\/tr\/wp-json\/wp\/v2\/media?parent=51"}],"curies":[{"name":"wp","href":"https:\/\/api.w.org\/{rel}","templated":true}]}}