{"id":53,"date":"2021-11-22T19:11:25","date_gmt":"2021-11-22T19:11:25","guid":{"rendered":"https:\/\/www.proterminduksiyon.com\/tr\/?page_id=53"},"modified":"2023-01-05T08:01:03","modified_gmt":"2023-01-05T08:01:03","slug":"yedek-parca","status":"publish","type":"page","link":"https:\/\/www.proterminduksiyon.com\/tr\/yedek-parca\/","title":{"rendered":"Teknik Servis"},"content":{"rendered":"\n<p>TEKN\u0130K SERV\u0130S ANLAYI\u015eIMIZ D\u00d6K\u00dcM&nbsp; SEKT\u00d6R\u00dcNE KATKI SA\u011eLAYARAK S\u0130Z DE\u011eERL\u0130 M\u00dc\u015eTER\u0130LER\u0130M\u0130Z\u0130N ARIZA DURUMLARI HALLER\u0130NDE M\u0130N\u0130MUM SEV\u0130YE DURU\u015eLA&nbsp; FAAL\u0130YETLER\u0130N\u0130ZE DEVAM ETT\u0130RMEKT\u0130R.<\/p>\n\n\n\n<p>DENEY\u0130ML\u0130 UZMAN KADROMUZ ELEKTRON\u0130K VE MEKAN\u0130K OLARAK 7\/24 H\u0130ZMET VERMEKTED\u0130R.<\/p>\n\n\n\n<p>L\u00dcTFEN HIZLI B\u0130R SERV\u0130S DESTE\u011e\u0130 \u0130\u00c7\u0130N \u0130LET\u0130\u015e\u0130ME GE\u00c7\u0130N\u0130Z.<\/p>\n\n\n\n<p>TEKN\u0130K SERV\u0130S _05375676581<\/p>\n","protected":false},"excerpt":{"rendered":"<p>TEKN\u0130K SERV\u0130S ANLAYI\u015eIMIZ D\u00d6K\u00dcM&nbsp; SEKT\u00d6R\u00dcNE KATKI SA\u011eLAYARAK S\u0130Z DE\u011eERL\u0130 M\u00dc\u015eTER\u0130LER\u0130M\u0130Z\u0130N ARIZA DURUMLARI HALLER\u0130NDE M\u0130N\u0130MUM SEV\u0130YE DURU\u015eLA&nbsp; FAAL\u0130YETLER\u0130N\u0130ZE DEVAM ETT\u0130RMEKT\u0130R. DENEY\u0130ML\u0130 UZMAN KADROMUZ ELEKTRON\u0130K VE MEKAN\u0130K OLARAK 7\/24 H\u0130ZMET VERMEKTED\u0130R. L\u00dcTFEN HIZLI B\u0130R SERV\u0130S DESTE\u011e\u0130 \u0130\u00c7\u0130N \u0130LET\u0130\u015e\u0130ME GE\u00c7\u0130N\u0130Z. TEKN\u0130K SERV\u0130S _05375676581<\/p>\n","protected":false},"author":1,"featured_media":0,"parent":0,"menu_order":0,"comment_status":"closed","ping_status":"closed","template":"templates\/template-page-full-width.php","meta":{"_uag_custom_page_level_css":"","footnotes":""},"class_list":["post-53","page","type-page","status-publish","hentry"],"uagb_featured_image_src":{"full":false,"thumbnail":false,"medium":false,"medium_large":false,"large":false,"1536x1536":false,"2048x2048":false},"uagb_author_info":{"display_name":"admin","author_link":"https:\/\/www.proterminduksiyon.com\/tr\/author\/admin\/"},"uagb_comment_info":0,"uagb_excerpt":"TEKN\u0130K SERV\u0130S ANLAYI\u015eIMIZ D\u00d6K\u00dcM&nbsp; SEKT\u00d6R\u00dcNE KATKI SA\u011eLAYARAK S\u0130Z DE\u011eERL\u0130 M\u00dc\u015eTER\u0130LER\u0130M\u0130Z\u0130N ARIZA DURUMLARI HALLER\u0130NDE M\u0130N\u0130MUM SEV\u0130YE DURU\u015eLA&nbsp; FAAL\u0130YETLER\u0130N\u0130ZE DEVAM ETT\u0130RMEKT\u0130R. DENEY\u0130ML\u0130 UZMAN KADROMUZ ELEKTRON\u0130K VE MEKAN\u0130K OLARAK 7\/24 H\u0130ZMET VERMEKTED\u0130R. L\u00dcTFEN HIZLI B\u0130R SERV\u0130S DESTE\u011e\u0130 \u0130\u00c7\u0130N \u0130LET\u0130\u015e\u0130ME GE\u00c7\u0130N\u0130Z. TEKN\u0130K SERV\u0130S _05375676581","_links":{"self":[{"href":"https:\/\/www.proterminduksiyon.com\/tr\/wp-json\/wp\/v2\/pages\/53","targetHints":{"allow":["GET"]}}],"collection":[{"href":"https:\/\/www.proterminduksiyon.com\/tr\/wp-json\/wp\/v2\/pages"}],"about":[{"href":"https:\/\/www.proterminduksiyon.com\/tr\/wp-json\/wp\/v2\/types\/page"}],"author":[{"embeddable":true,"href":"https:\/\/www.proterminduksiyon.com\/tr\/wp-json\/wp\/v2\/users\/1"}],"replies":[{"embeddable":true,"href":"https:\/\/www.proterminduksiyon.com\/tr\/wp-json\/wp\/v2\/comments?post=53"}],"version-history":[{"count":4,"href":"https:\/\/www.proterminduksiyon.com\/tr\/wp-json\/wp\/v2\/pages\/53\/revisions"}],"predecessor-version":[{"id":266,"href":"https:\/\/www.proterminduksiyon.com\/tr\/wp-json\/wp\/v2\/pages\/53\/revisions\/266"}],"wp:attachment":[{"href":"https:\/\/www.proterminduksiyon.com\/tr\/wp-json\/wp\/v2\/media?parent=53"}],"curies":[{"name":"wp","href":"https:\/\/api.w.org\/{rel}","templated":true}]}}