{"id":54,"date":"2021-11-22T19:11:30","date_gmt":"2021-11-22T19:11:30","guid":{"rendered":"https:\/\/www.proterminduksiyon.com\/tr\/?page_id=54"},"modified":"2023-01-05T08:13:45","modified_gmt":"2023-01-05T08:13:45","slug":"bize-ulasin","status":"publish","type":"page","link":"https:\/\/www.proterminduksiyon.com\/tr\/bize-ulasin\/","title":{"rendered":"Bize Ula\u015f\u0131n"},"content":{"rendered":"\n<p>ADRES:     <\/p>\n\n\n\n<p>Yukar\u0131 Dudullu Mahallesi Nebio\u011flu Sokak No: 20A \u00dcmraniye \u0130stanbul T\u00fcrkiye<\/p>\n\n\n\n<p><br>E.Mail: <a href=\"mailto:info@proterminduksiyon.com\">info@proterminduksiyon.com<\/a><\/p>\n\n\n\n<p><br>TEL :+90(216) 641 56 20<br><a rel=\"noreferrer noopener\" href=\"http:\/\/www.proterminduksiyon.com\/\" target=\"_blank\">http:\/\/www.proterminduksiyon.com<\/a><\/p>\n\n\n\n<p>.<\/p>\n\n\n","protected":false},"excerpt":{"rendered":"<p>ADRES: Yukar\u0131 Dudullu Mahallesi Nebio\u011flu Sokak No: 20A \u00dcmraniye \u0130stanbul T\u00fcrkiye E.Mail: info@proterminduksiyon.com TEL :+90(216) 641 56 20http:\/\/www.proterminduksiyon.com .<\/p>\n","protected":false},"author":1,"featured_media":0,"parent":0,"menu_order":0,"comment_status":"closed","ping_status":"closed","template":"templates\/template-page-full-width.php","meta":{"_uag_custom_page_level_css":"","footnotes":""},"class_list":["post-54","page","type-page","status-publish","hentry"],"uagb_featured_image_src":{"full":false,"thumbnail":false,"medium":false,"medium_large":false,"large":false,"1536x1536":false,"2048x2048":false},"uagb_author_info":{"display_name":"admin","author_link":"https:\/\/www.proterminduksiyon.com\/tr\/author\/admin\/"},"uagb_comment_info":0,"uagb_excerpt":"ADRES: Yukar\u0131 Dudullu Mahallesi Nebio\u011flu Sokak No: 20A \u00dcmraniye \u0130stanbul T\u00fcrkiye E.Mail: info@proterminduksiyon.com TEL :+90(216) 641 56 20http:\/\/www.proterminduksiyon.com .","_links":{"self":[{"href":"https:\/\/www.proterminduksiyon.com\/tr\/wp-json\/wp\/v2\/pages\/54","targetHints":{"allow":["GET"]}}],"collection":[{"href":"https:\/\/www.proterminduksiyon.com\/tr\/wp-json\/wp\/v2\/pages"}],"about":[{"href":"https:\/\/www.proterminduksiyon.com\/tr\/wp-json\/wp\/v2\/types\/page"}],"author":[{"embeddable":true,"href":"https:\/\/www.proterminduksiyon.com\/tr\/wp-json\/wp\/v2\/users\/1"}],"replies":[{"embeddable":true,"href":"https:\/\/www.proterminduksiyon.com\/tr\/wp-json\/wp\/v2\/comments?post=54"}],"version-history":[{"count":12,"href":"https:\/\/www.proterminduksiyon.com\/tr\/wp-json\/wp\/v2\/pages\/54\/revisions"}],"predecessor-version":[{"id":274,"href":"https:\/\/www.proterminduksiyon.com\/tr\/wp-json\/wp\/v2\/pages\/54\/revisions\/274"}],"wp:attachment":[{"href":"https:\/\/www.proterminduksiyon.com\/tr\/wp-json\/wp\/v2\/media?parent=54"}],"curies":[{"name":"wp","href":"https:\/\/api.w.org\/{rel}","templated":true}]}}