{"id":56,"date":"2021-11-22T19:12:38","date_gmt":"2021-11-22T19:12:38","guid":{"rendered":"https:\/\/www.proterminduksiyon.com\/tr\/?page_id=56"},"modified":"2021-11-23T06:54:34","modified_gmt":"2021-11-23T06:54:34","slug":"referansarimiz-2","status":"publish","type":"page","link":"https:\/\/www.proterminduksiyon.com\/tr\/referansarimiz-2\/","title":{"rendered":"Referansar\u0131m\u0131z"},"content":{"rendered":"\n<p>\u0130nd\u00fcksiyon sekt\u00f6r\u00fcnde 20 y\u0131ll\u0131k tecr\u00fcbemizle hizmet verdi\u011fimiz baz\u0131 kurulu\u015flar.<\/p>\n\n\n\n<p><\/p>\n\n\n\n<figure class=\"wp-block-gallery columns-3 wp-block-gallery-1 is-layout-flex wp-block-gallery-is-layout-flex\"><ul class=\"blocks-gallery-grid\"><li class=\"blocks-gallery-item\"><figure><img fetchpriority=\"high\" decoding=\"async\" width=\"500\" height=\"117\" src=\"https:\/\/www.proterminduksiyon.com\/tr\/wp-content\/uploads\/2021\/11\/cropped-l.jpg\" alt=\"Cropped L\" data-id=\"23\" data-link=\"https:\/\/www.proterminduksiyon.com\/tr\/?attachment_id=23\" class=\"wp-image-23\" title=\"Referansar\u0131m\u0131z\" srcset=\"https:\/\/www.proterminduksiyon.com\/tr\/wp-content\/uploads\/2021\/11\/cropped-l.jpg 500w, https:\/\/www.proterminduksiyon.com\/tr\/wp-content\/uploads\/2021\/11\/cropped-l-300x70.jpg 300w\" sizes=\"(max-width: 500px) 100vw, 500px\" \/><\/figure><\/li><li class=\"blocks-gallery-item\"><figure><img decoding=\"async\" width=\"577\" height=\"135\" src=\"https:\/\/www.proterminduksiyon.com\/tr\/wp-content\/uploads\/2021\/11\/emirdokum.jpg\" alt=\"Emirdokum\" data-id=\"137\" data-link=\"https:\/\/www.proterminduksiyon.com\/tr\/?attachment_id=137\" class=\"wp-image-137\" title=\"Referansar\u0131m\u0131z\" srcset=\"https:\/\/www.proterminduksiyon.com\/tr\/wp-content\/uploads\/2021\/11\/emirdokum.jpg 577w, https:\/\/www.proterminduksiyon.com\/tr\/wp-content\/uploads\/2021\/11\/emirdokum-300x70.jpg 300w\" sizes=\"(max-width: 577px) 100vw, 577px\" \/><\/figure><\/li><li class=\"blocks-gallery-item\"><figure><img decoding=\"async\" width=\"265\" height=\"73\" src=\"https:\/\/www.proterminduksiyon.com\/tr\/wp-content\/uploads\/2021\/11\/istikamet.jpg\" alt=\"Istikamet\" data-id=\"138\" data-link=\"https:\/\/www.proterminduksiyon.com\/tr\/?attachment_id=138\" class=\"wp-image-138\" title=\"Referansar\u0131m\u0131z\"><\/figure><\/li><li class=\"blocks-gallery-item\"><figure><img loading=\"lazy\" decoding=\"async\" width=\"414\" height=\"137\" src=\"https:\/\/www.proterminduksiyon.com\/tr\/wp-content\/uploads\/2021\/11\/ref-1.jpg\" alt=\"Ref 1\" data-id=\"139\" data-link=\"https:\/\/www.proterminduksiyon.com\/tr\/?attachment_id=139\" class=\"wp-image-139\" title=\"Referansar\u0131m\u0131z\" srcset=\"https:\/\/www.proterminduksiyon.com\/tr\/wp-content\/uploads\/2021\/11\/ref-1.jpg 414w, https:\/\/www.proterminduksiyon.com\/tr\/wp-content\/uploads\/2021\/11\/ref-1-300x99.jpg 300w\" sizes=\"(max-width: 414px) 100vw, 414px\" \/><\/figure><\/li><li class=\"blocks-gallery-item\"><figure><img loading=\"lazy\" decoding=\"async\" width=\"547\" height=\"120\" src=\"https:\/\/www.proterminduksiyon.com\/tr\/wp-content\/uploads\/2021\/11\/ref2.png\" alt=\"Ref2\" data-id=\"140\" data-link=\"https:\/\/www.proterminduksiyon.com\/tr\/?attachment_id=140\" class=\"wp-image-140\" title=\"Referansar\u0131m\u0131z\" srcset=\"https:\/\/www.proterminduksiyon.com\/tr\/wp-content\/uploads\/2021\/11\/ref2.png 547w, https:\/\/www.proterminduksiyon.com\/tr\/wp-content\/uploads\/2021\/11\/ref2-300x66.png 300w\" sizes=\"(max-width: 547px) 100vw, 547px\" \/><\/figure><\/li><li class=\"blocks-gallery-item\"><figure><img loading=\"lazy\" decoding=\"async\" width=\"237\" height=\"95\" src=\"https:\/\/www.proterminduksiyon.com\/tr\/wp-content\/uploads\/2021\/11\/Sekin-Dkm_2016-05-18_create_thumb.jpg\" alt=\"Sekin Dkm 2016 05 18 Create Thumb\" data-id=\"141\" data-link=\"https:\/\/www.proterminduksiyon.com\/tr\/?attachment_id=141\" class=\"wp-image-141\" title=\"Referansar\u0131m\u0131z\"><\/figure><\/li><li class=\"blocks-gallery-item\"><figure><img loading=\"lazy\" decoding=\"async\" width=\"232\" height=\"90\" src=\"https:\/\/www.proterminduksiyon.com\/tr\/wp-content\/uploads\/2021\/11\/footer_logo.png\" alt=\"Footer Logo\" data-id=\"145\" data-link=\"https:\/\/www.proterminduksiyon.com\/tr\/?attachment_id=145\" class=\"wp-image-145\" title=\"Referansar\u0131m\u0131z\"><\/figure><\/li><li class=\"blocks-gallery-item\"><figure><img loading=\"lazy\" decoding=\"async\" width=\"1024\" height=\"220\" src=\"https:\/\/www.proterminduksiyon.com\/tr\/wp-content\/uploads\/2021\/11\/logo-1-1024x220.png\" alt=\"Logo 1 1024x220\" data-id=\"147\" data-full-url=\"https:\/\/www.proterminduksiyon.com\/tr\/wp-content\/uploads\/2021\/11\/logo-1.png\" data-link=\"https:\/\/www.proterminduksiyon.com\/tr\/?attachment_id=147\" class=\"wp-image-147\" title=\"Referansar\u0131m\u0131z\" srcset=\"https:\/\/www.proterminduksiyon.com\/tr\/wp-content\/uploads\/2021\/11\/logo-1-1024x220.png 1024w, https:\/\/www.proterminduksiyon.com\/tr\/wp-content\/uploads\/2021\/11\/logo-1-300x65.png 300w, https:\/\/www.proterminduksiyon.com\/tr\/wp-content\/uploads\/2021\/11\/logo-1-768x165.png 768w, https:\/\/www.proterminduksiyon.com\/tr\/wp-content\/uploads\/2021\/11\/logo-1-1536x330.png 1536w, https:\/\/www.proterminduksiyon.com\/tr\/wp-content\/uploads\/2021\/11\/logo-1.png 2046w\" sizes=\"(max-width: 1024px) 100vw, 1024px\" \/><\/figure><\/li><\/ul><\/figure>\n","protected":false},"excerpt":{"rendered":"<p>\u0130nd\u00fcksiyon sekt\u00f6r\u00fcnde 20 y\u0131ll\u0131k tecr\u00fcbemizle hizmet verdi\u011fimiz baz\u0131 kurulu\u015flar.<\/p>\n","protected":false},"author":1,"featured_media":0,"parent":0,"menu_order":0,"comment_status":"closed","ping_status":"closed","template":"templates\/template-page-full-width.php","meta":{"_uag_custom_page_level_css":"","footnotes":""},"class_list":["post-56","page","type-page","status-publish","hentry"],"uagb_featured_image_src":{"full":false,"thumbnail":false,"medium":false,"medium_large":false,"large":false,"1536x1536":false,"2048x2048":false},"uagb_author_info":{"display_name":"admin","author_link":"https:\/\/www.proterminduksiyon.com\/tr\/author\/admin\/"},"uagb_comment_info":0,"uagb_excerpt":"\u0130nd\u00fcksiyon sekt\u00f6r\u00fcnde 20 y\u0131ll\u0131k tecr\u00fcbemizle hizmet verdi\u011fimiz baz\u0131 kurulu\u015flar.","_links":{"self":[{"href":"https:\/\/www.proterminduksiyon.com\/tr\/wp-json\/wp\/v2\/pages\/56","targetHints":{"allow":["GET"]}}],"collection":[{"href":"https:\/\/www.proterminduksiyon.com\/tr\/wp-json\/wp\/v2\/pages"}],"about":[{"href":"https:\/\/www.proterminduksiyon.com\/tr\/wp-json\/wp\/v2\/types\/page"}],"author":[{"embeddable":true,"href":"https:\/\/www.proterminduksiyon.com\/tr\/wp-json\/wp\/v2\/users\/1"}],"replies":[{"embeddable":true,"href":"https:\/\/www.proterminduksiyon.com\/tr\/wp-json\/wp\/v2\/comments?post=56"}],"version-history":[{"count":7,"href":"https:\/\/www.proterminduksiyon.com\/tr\/wp-json\/wp\/v2\/pages\/56\/revisions"}],"predecessor-version":[{"id":148,"href":"https:\/\/www.proterminduksiyon.com\/tr\/wp-json\/wp\/v2\/pages\/56\/revisions\/148"}],"wp:attachment":[{"href":"https:\/\/www.proterminduksiyon.com\/tr\/wp-json\/wp\/v2\/media?parent=56"}],"curies":[{"name":"wp","href":"https:\/\/api.w.org\/{rel}","templated":true}]}}