{"id":78,"date":"2021-11-22T19:49:12","date_gmt":"2021-11-22T19:49:12","guid":{"rendered":"https:\/\/www.proterminduksiyon.com\/tr\/?page_id=78"},"modified":"2023-01-05T08:05:27","modified_gmt":"2023-01-05T08:05:27","slug":"yedek-parca-2","status":"publish","type":"page","link":"https:\/\/www.proterminduksiyon.com\/tr\/yedek-parca-2\/","title":{"rendered":"Yedek Par\u00e7a"},"content":{"rendered":"\n<p>ERG\u0130TME VE ISITMA \u0130ND\u00dcKS\u0130YON S\u0130STEMLER\u0130 OLARAK KAL\u0130TEL\u0130 VE OR\u0130J\u0130NAL YEDEK PAR\u00c7A H\u0130ZMET\u0130VERMEKTEY\u0130Z L\u00dcTFEN \u0130HT\u0130YA\u00c7 DUYDU\u011eUNUZ YEDEK PAR\u00c7A \u0130\u00c7\u0130N \u0130LET\u0130\u015e\u0130ME GE\u00c7\u0130N\u0130Z<\/p>\n","protected":false},"excerpt":{"rendered":"<p>ERG\u0130TME VE ISITMA \u0130ND\u00dcKS\u0130YON S\u0130STEMLER\u0130 OLARAK KAL\u0130TEL\u0130 VE OR\u0130J\u0130NAL YEDEK PAR\u00c7A H\u0130ZMET\u0130VERMEKTEY\u0130Z L\u00dcTFEN \u0130HT\u0130YA\u00c7 DUYDU\u011eUNUZ YEDEK PAR\u00c7A \u0130\u00c7\u0130N \u0130LET\u0130\u015e\u0130ME GE\u00c7\u0130N\u0130Z<\/p>\n","protected":false},"author":1,"featured_media":0,"parent":0,"menu_order":0,"comment_status":"closed","ping_status":"closed","template":"templates\/template-page-full-width.php","meta":{"_uag_custom_page_level_css":"","footnotes":""},"class_list":["post-78","page","type-page","status-publish","hentry"],"uagb_featured_image_src":{"full":false,"thumbnail":false,"medium":false,"medium_large":false,"large":false,"1536x1536":false,"2048x2048":false},"uagb_author_info":{"display_name":"admin","author_link":"https:\/\/www.proterminduksiyon.com\/tr\/author\/admin\/"},"uagb_comment_info":0,"uagb_excerpt":"ERG\u0130TME VE ISITMA \u0130ND\u00dcKS\u0130YON S\u0130STEMLER\u0130 OLARAK KAL\u0130TEL\u0130 VE OR\u0130J\u0130NAL YEDEK PAR\u00c7A H\u0130ZMET\u0130VERMEKTEY\u0130Z L\u00dcTFEN \u0130HT\u0130YA\u00c7 DUYDU\u011eUNUZ YEDEK PAR\u00c7A \u0130\u00c7\u0130N \u0130LET\u0130\u015e\u0130ME GE\u00c7\u0130N\u0130Z","_links":{"self":[{"href":"https:\/\/www.proterminduksiyon.com\/tr\/wp-json\/wp\/v2\/pages\/78","targetHints":{"allow":["GET"]}}],"collection":[{"href":"https:\/\/www.proterminduksiyon.com\/tr\/wp-json\/wp\/v2\/pages"}],"about":[{"href":"https:\/\/www.proterminduksiyon.com\/tr\/wp-json\/wp\/v2\/types\/page"}],"author":[{"embeddable":true,"href":"https:\/\/www.proterminduksiyon.com\/tr\/wp-json\/wp\/v2\/users\/1"}],"replies":[{"embeddable":true,"href":"https:\/\/www.proterminduksiyon.com\/tr\/wp-json\/wp\/v2\/comments?post=78"}],"version-history":[{"count":3,"href":"https:\/\/www.proterminduksiyon.com\/tr\/wp-json\/wp\/v2\/pages\/78\/revisions"}],"predecessor-version":[{"id":268,"href":"https:\/\/www.proterminduksiyon.com\/tr\/wp-json\/wp\/v2\/pages\/78\/revisions\/268"}],"wp:attachment":[{"href":"https:\/\/www.proterminduksiyon.com\/tr\/wp-json\/wp\/v2\/media?parent=78"}],"curies":[{"name":"wp","href":"https:\/\/api.w.org\/{rel}","templated":true}]}}