{"id":98,"date":"2021-11-22T20:10:04","date_gmt":"2021-11-22T20:10:04","guid":{"rendered":"https:\/\/www.proterminduksiyon.com\/tr\/?page_id=98"},"modified":"2023-01-05T07:51:47","modified_gmt":"2023-01-05T07:51:47","slug":"kurum-ve-kuruluslar","status":"publish","type":"page","link":"https:\/\/www.proterminduksiyon.com\/tr\/kurum-ve-kuruluslar\/","title":{"rendered":"V\u0130ZYON VE M\u0130SYON"},"content":{"rendered":"\n<p>F\u0130RMAMIZ 2015 DE KURULMU\u015e OLUP TEMEL HEDEF\u0130M\u0130Z\u00a0 KAL\u0130TE VE G\u00dcVEN POL\u0130T\u0130KAMIZDAN \u00d6D\u00dcN VERMEDEN 7\/24 S\u0130Z DE\u011eERL\u0130 M\u00dc\u015eTER\u0130LER\u0130M\u0130ZE H\u0130ZMET VERMEKT\u0130R.<\/p>\n","protected":false},"excerpt":{"rendered":"<p>F\u0130RMAMIZ 2015 DE KURULMU\u015e OLUP TEMEL HEDEF\u0130M\u0130Z\u00a0 KAL\u0130TE VE G\u00dcVEN POL\u0130T\u0130KAMIZDAN \u00d6D\u00dcN VERMEDEN 7\/24 S\u0130Z DE\u011eERL\u0130 M\u00dc\u015eTER\u0130LER\u0130M\u0130ZE H\u0130ZMET VERMEKT\u0130R.<\/p>\n","protected":false},"author":1,"featured_media":0,"parent":0,"menu_order":0,"comment_status":"closed","ping_status":"closed","template":"templates\/template-page-full-width.php","meta":{"_uag_custom_page_level_css":"","footnotes":""},"class_list":["post-98","page","type-page","status-publish","hentry"],"uagb_featured_image_src":{"full":false,"thumbnail":false,"medium":false,"medium_large":false,"large":false,"1536x1536":false,"2048x2048":false},"uagb_author_info":{"display_name":"admin","author_link":"https:\/\/www.proterminduksiyon.com\/tr\/author\/admin\/"},"uagb_comment_info":0,"uagb_excerpt":"F\u0130RMAMIZ 2015 DE KURULMU\u015e OLUP TEMEL HEDEF\u0130M\u0130Z\u00a0 KAL\u0130TE VE G\u00dcVEN POL\u0130T\u0130KAMIZDAN \u00d6D\u00dcN VERMEDEN 7\/24 S\u0130Z DE\u011eERL\u0130 M\u00dc\u015eTER\u0130LER\u0130M\u0130ZE H\u0130ZMET VERMEKT\u0130R.","_links":{"self":[{"href":"https:\/\/www.proterminduksiyon.com\/tr\/wp-json\/wp\/v2\/pages\/98","targetHints":{"allow":["GET"]}}],"collection":[{"href":"https:\/\/www.proterminduksiyon.com\/tr\/wp-json\/wp\/v2\/pages"}],"about":[{"href":"https:\/\/www.proterminduksiyon.com\/tr\/wp-json\/wp\/v2\/types\/page"}],"author":[{"embeddable":true,"href":"https:\/\/www.proterminduksiyon.com\/tr\/wp-json\/wp\/v2\/users\/1"}],"replies":[{"embeddable":true,"href":"https:\/\/www.proterminduksiyon.com\/tr\/wp-json\/wp\/v2\/comments?post=98"}],"version-history":[{"count":2,"href":"https:\/\/www.proterminduksiyon.com\/tr\/wp-json\/wp\/v2\/pages\/98\/revisions"}],"predecessor-version":[{"id":263,"href":"https:\/\/www.proterminduksiyon.com\/tr\/wp-json\/wp\/v2\/pages\/98\/revisions\/263"}],"wp:attachment":[{"href":"https:\/\/www.proterminduksiyon.com\/tr\/wp-json\/wp\/v2\/media?parent=98"}],"curies":[{"name":"wp","href":"https:\/\/api.w.org\/{rel}","templated":true}]}}